{"id":52077,"date":"2024-02-22T10:55:11","date_gmt":"2024-02-22T09:55:11","guid":{"rendered":"https:\/\/shop.gasparagustin.com\/producto\/823-7-gold-und-gruen\/"},"modified":"2025-05-12T16:06:27","modified_gmt":"2025-05-12T14:06:27","slug":"823-7-gold-und-gruen","status":"publish","type":"product","link":"https:\/\/shop.gasparagustin.com\/de\/producto\/823-7-gold-und-gruen\/","title":{"rendered":"823-7 GOLD UND GR\u00dcN"},"content":{"rendered":"<p>Wasser vergoldung Gold und Gr\u00fcn, Handgefertigt von uns. Wir verwenden immer Blattgold von h\u00f6chster Qualit\u00e4t.<\/p>\n","protected":false},"excerpt":{"rendered":"<p>Wasser vergoldung Gold und Gr\u00fcn, Handgefertigt von uns. Wir verwenden immer Blattgold von h\u00f6chster Qualit\u00e4t.<\/p>\n","protected":false},"featured_media":52011,"template":"","meta":{"_acf_changed":false},"product_brand":[],"product_cat":[73,72,67,68],"product_tag":[],"class_list":{"0":"post-52077","1":"product","2":"type-product","3":"status-publish","4":"has-post-thumbnail","6":"product_cat-cm-de","7":"product_cat-farben","8":"product_cat-gold-und-silber","9":"product_cat-opm-de","11":"first","12":"instock","13":"purchasable","14":"product-type-simple"},"acf":[],"_links":{"self":[{"href":"https:\/\/shop.gasparagustin.com\/de\/wp-json\/wp\/v2\/product\/52077","targetHints":{"allow":["GET"]}}],"collection":[{"href":"https:\/\/shop.gasparagustin.com\/de\/wp-json\/wp\/v2\/product"}],"about":[{"href":"https:\/\/shop.gasparagustin.com\/de\/wp-json\/wp\/v2\/types\/product"}],"wp:featuredmedia":[{"embeddable":true,"href":"https:\/\/shop.gasparagustin.com\/de\/wp-json\/wp\/v2\/media\/52011"}],"wp:attachment":[{"href":"https:\/\/shop.gasparagustin.com\/de\/wp-json\/wp\/v2\/media?parent=52077"}],"wp:term":[{"taxonomy":"product_brand","embeddable":true,"href":"https:\/\/shop.gasparagustin.com\/de\/wp-json\/wp\/v2\/product_brand?post=52077"},{"taxonomy":"product_cat","embeddable":true,"href":"https:\/\/shop.gasparagustin.com\/de\/wp-json\/wp\/v2\/product_cat?post=52077"},{"taxonomy":"product_tag","embeddable":true,"href":"https:\/\/shop.gasparagustin.com\/de\/wp-json\/wp\/v2\/product_tag?post=52077"}],"curies":[{"name":"wp","href":"https:\/\/api.w.org\/{rel}","templated":true}]}}