{"id":51183,"date":"2023-03-15T17:35:59","date_gmt":"2023-03-15T16:35:59","guid":{"rendered":"https:\/\/shop.gasparagustin.com\/producto\/771-67-gruen-und-weiss\/"},"modified":"2023-03-16T12:28:32","modified_gmt":"2023-03-16T11:28:32","slug":"771-67-gruen-und-weiss","status":"publish","type":"product","link":"https:\/\/shop.gasparagustin.com\/de\/producto\/771-67-gruen-und-weiss\/","title":{"rendered":"771-67 GR\u00fcN UND WEISS"},"content":{"rendered":"<p>Gr\u00fcn und Weisser R\u00fccken. Handgefertigt von uns.<\/p>\n","protected":false},"excerpt":{"rendered":"<p>Gr\u00fcn und Weisser R\u00fccken. Handgefertigt von uns.<\/p>\n","protected":false},"featured_media":50738,"template":"","meta":{"_acf_changed":false},"product_brand":[],"product_cat":[73,72,81,76],"product_tag":[],"class_list":{"0":"post-51183","1":"product","2":"type-product","3":"status-publish","4":"has-post-thumbnail","6":"product_cat-cm-de","7":"product_cat-farben","8":"product_cat-lm-de","9":"product_cat-schattenfugen","11":"first","12":"instock","13":"purchasable","14":"product-type-simple"},"acf":[],"_links":{"self":[{"href":"https:\/\/shop.gasparagustin.com\/de\/wp-json\/wp\/v2\/product\/51183","targetHints":{"allow":["GET"]}}],"collection":[{"href":"https:\/\/shop.gasparagustin.com\/de\/wp-json\/wp\/v2\/product"}],"about":[{"href":"https:\/\/shop.gasparagustin.com\/de\/wp-json\/wp\/v2\/types\/product"}],"wp:featuredmedia":[{"embeddable":true,"href":"https:\/\/shop.gasparagustin.com\/de\/wp-json\/wp\/v2\/media\/50738"}],"wp:attachment":[{"href":"https:\/\/shop.gasparagustin.com\/de\/wp-json\/wp\/v2\/media?parent=51183"}],"wp:term":[{"taxonomy":"product_brand","embeddable":true,"href":"https:\/\/shop.gasparagustin.com\/de\/wp-json\/wp\/v2\/product_brand?post=51183"},{"taxonomy":"product_cat","embeddable":true,"href":"https:\/\/shop.gasparagustin.com\/de\/wp-json\/wp\/v2\/product_cat?post=51183"},{"taxonomy":"product_tag","embeddable":true,"href":"https:\/\/shop.gasparagustin.com\/de\/wp-json\/wp\/v2\/product_tag?post=51183"}],"curies":[{"name":"wp","href":"https:\/\/api.w.org\/{rel}","templated":true}]}}